{"id":1608,"date":"2025-09-24T09:00:02","date_gmt":"2025-09-24T09:00:02","guid":{"rendered":"https:\/\/indagra-food.ro\/?page_id=1608"},"modified":"2025-09-24T09:00:02","modified_gmt":"2025-09-24T09:00:02","slug":"info-acces-studenti-si-elevi","status":"publish","type":"page","link":"https:\/\/indagra-food.ro\/en\/info-acces-studenti-si-elevi\/","title":{"rendered":"Info acces studenti \u0219i elevi"},"content":{"rendered":"<div class=\"wpb-content-wrapper\"><div class=\"vc_row wpb_row vc_row-fluid\"><div class=\"wpb_column vc_column_container vc_col-sm-12\"><div class=\"vc_column-inner\"><div class=\"wpb_wrapper\">\n\t<div class=\"wpb_text_column wpb_content_element\" >\n\t\t<div class=\"wpb_wrapper\">\n\t\t\t<p style=\"text-align: justify;\">Accesul grupurilor de elevi \/ studen\u021bi de la institu\u021biile de \u00eenv\u0103\u021b\u0103m\u00e2nt av\u00e2nd ca profil tematica t\u00e2rgului \/ expozi\u021biei se face exclusiv pe baza codului de acces QR generat prin aplica\u021bia Romexpo, disponibil\u0103 at\u00e2t \u00een App Store, c\u00e2t \u0219i \u00een Google Play Store.<\/p>\n<p style=\"text-align: justify;\">Astfel, fiecare elev \/ student \/ cadru didactic \u00ee\u0219i poate crea un cont personal; dup\u0103 logare se genereaz\u0103 un cod QR care permite acces gratuit \u00een t\u00e2rg.<\/p>\n<p style=\"text-align: justify;\">C\u00e2mpul \u201eNume companie\u201d se va completa cu \u201eacronim institu\u021bia de \u00eenv\u0103\u021b\u0103m\u00e2nt \u2013 acronim facultatea (\u00een cazul studen\u021bilor)\u201d.<\/p>\n<p style=\"text-align: justify;\">Primele 2 c\u00e2mpuri se completeaz\u0103 cu prima op\u021biune din list\u0103; rubrica \u201eDomeniu de interes\u201d se completeaz\u0103 cu ceea ce anume intereseaz\u0103 din tematica t\u00e2rgului; la \u201eIndustrie\u201d se men\u021bioneaz\u0103 sectorul de activitate pentru care se preg\u0103tesc tinerii.<\/p>\n<p style=\"text-align: justify;\">Codul QR generat \u00een aplica\u021bie (\u00een sec\u021biunea \u201eMy invite\u201d) va fi scanat la por\u021bile de acces.<\/p>\n<p style=\"text-align: justify;\">Pentru asisten\u021b\u0103 suplimentar\u0103 sau \u00eentreb\u0103ri, v\u0103 rug\u0103m s\u0103 ne contacta\u021bi la adresa romexpo@romexpo.ro, \u00een aten\u021bia Biroului Marketing.<\/p>\n\n\t\t<\/div>\n\t<\/div>\n<\/div><\/div><\/div><\/div>\n<\/div>","protected":false},"excerpt":{"rendered":"<p>Accesul grupurilor de elevi \/ studen\u021bi de la institu\u021biile de \u00eenv\u0103\u021b\u0103m\u00e2nt av\u00e2nd ca profil tematica t\u00e2rgului \/ expozi\u021biei se face exclusiv pe baza codului de acces QR generat prin aplica\u021bia Romexpo, disponibil\u0103 at\u00e2t \u00een App Store, c\u00e2t \u0219i \u00een Google Play Store. Astfel, fiecare elev \/ student \/ cadru didactic \u00ee\u0219i poate crea un cont&hellip;<\/p>","protected":false},"author":1,"featured_media":0,"parent":0,"menu_order":0,"comment_status":"closed","ping_status":"closed","template":"","meta":{"_monsterinsights_skip_tracking":false,"_monsterinsights_sitenote_active":false,"_monsterinsights_sitenote_note":"","_monsterinsights_sitenote_category":0,"_uf_show_specific_survey":0,"_uf_disable_surveys":false,"footnotes":""},"class_list":["post-1608","page","type-page","status-publish","hentry","description-off"],"aioseo_notices":[],"jetpack_sharing_enabled":true,"_links":{"self":[{"href":"https:\/\/indagra-food.ro\/en\/wp-json\/wp\/v2\/pages\/1608","targetHints":{"allow":["GET"]}}],"collection":[{"href":"https:\/\/indagra-food.ro\/en\/wp-json\/wp\/v2\/pages"}],"about":[{"href":"https:\/\/indagra-food.ro\/en\/wp-json\/wp\/v2\/types\/page"}],"author":[{"embeddable":true,"href":"https:\/\/indagra-food.ro\/en\/wp-json\/wp\/v2\/users\/1"}],"replies":[{"embeddable":true,"href":"https:\/\/indagra-food.ro\/en\/wp-json\/wp\/v2\/comments?post=1608"}],"version-history":[{"count":1,"href":"https:\/\/indagra-food.ro\/en\/wp-json\/wp\/v2\/pages\/1608\/revisions"}],"predecessor-version":[{"id":1609,"href":"https:\/\/indagra-food.ro\/en\/wp-json\/wp\/v2\/pages\/1608\/revisions\/1609"}],"wp:attachment":[{"href":"https:\/\/indagra-food.ro\/en\/wp-json\/wp\/v2\/media?parent=1608"}],"curies":[{"name":"wp","href":"https:\/\/api.w.org\/{rel}","templated":true}]}}