{"id":1475,"date":"2025-07-28T04:51:05","date_gmt":"2025-07-28T04:51:05","guid":{"rendered":"https:\/\/indagra-food.ro\/?page_id=1475"},"modified":"2026-03-25T12:48:18","modified_gmt":"2026-03-25T12:48:18","slug":"info-vizitatori","status":"publish","type":"page","link":"https:\/\/indagra-food.ro\/en\/info-vizitatori\/","title":{"rendered":"Visitors info"},"content":{"rendered":"<div class=\"wpb-content-wrapper\"><div class=\"vc_row wpb_row vc_row-fluid\"><div class=\"wpb_column vc_column_container vc_col-sm-6\"><div class=\"vc_column-inner\"><div class=\"wpb_wrapper\"><div id=\"ultimate-heading-45376a007cf2aa04c\" class=\"uvc-heading ult-adjust-bottom-margin ultimate-heading-45376a007cf2aa04c uvc-4141  uvc-heading-default-font-sizes\" data-hspacer=\"no_spacer\"  data-halign=\"left\" style=\"text-align:left\"><div class=\"uvc-heading-spacer no_spacer\" style=\"top\"><\/div><div class=\"uvc-sub-heading ult-responsive\"  data-ultimate-target='.uvc-heading.ultimate-heading-45376a007cf2aa04c .uvc-sub-heading '  data-responsive-json-new='{\"font-size\":\"\",\"line-height\":\"\"}'  style=\"font-weight:normal;\"><\/p>\n<p data-start=\"99\" data-end=\"242\"><strong data-start=\"99\" data-end=\"240\">Are you passionate about innovation and want to make a mark in the food industry? Then this event is the ideal place for you!<\/strong><\/p>\n<p data-start=\"244\" data-end=\"509\">Come enjoy dynamic presentations, cutting-edge technology demonstrations, and conversations that define the future of food. It's more than an event \u2013 it's an experience that will connect you with current and future industry trends.<\/p>\n<p data-start=\"511\" data-end=\"555\"><strong data-start=\"511\" data-end=\"532\">INDAGRA FOOD 2026<\/strong>\u00a0\u00ee\u021bi ofer\u0103 ocazia s\u0103:<\/p>\n<ul data-start=\"556\" data-end=\"862\">\n<li data-start=\"556\" data-end=\"624\">\n<p data-start=\"558\" data-end=\"624\">Discover the latest technologies and equipment in the field<\/p>\n<\/li>\n<li data-start=\"625\" data-end=\"701\">\n<p data-start=\"627\" data-end=\"701\">Meet experts, entrepreneurs and visionaries who are changing the rules of the game<\/p>\n<\/li>\n<li data-start=\"702\" data-end=\"785\">\n<p data-start=\"704\" data-end=\"785\">You get involved in initiatives that promote sustainability and food safety<\/p>\n<\/li>\n<li data-start=\"786\" data-end=\"862\">\n<p data-start=\"788\" data-end=\"862\">Identify strategic partnerships and ideas with real growth potential<\/p>\n<\/li>\n<\/ul>\n<p data-start=\"864\" data-end=\"1044\">Indiferent dac\u0103 e\u0219ti profesionist, inovator, investitor sau pur \u0219i simplu pasionat, <strong data-start=\"948\" data-end=\"969\">INDAGRA FOOD 2026<\/strong>\u00a0este spa\u021biul unde ideile prind via\u021b\u0103 \u0219i viitorul \u00eencepe s\u0103 se contureze.<\/p>\n<p><\/div><\/div><\/div><\/div><\/div><div class=\"wpb_column vc_column_container vc_col-sm-6\"><div class=\"vc_column-inner\"><div class=\"wpb_wrapper\">\n\t<div  class=\"wpb_single_image wpb_content_element vc_align_left  vc_custom_1753678211103\">\n\t\t\n\t\t<figure class=\"wpb_wrapper vc_figure\">\n\t\t\t<div class=\"vc_single_image-wrapper   vc_box_border_grey\"><img loading=\"lazy\" decoding=\"async\" width=\"2560\" height=\"1920\" src=\"https:\/\/indagra-food.ro\/wp-content\/uploads\/2025\/07\/IMG-20250724-WA0010-scaled.jpg\" class=\"vc_single_image-img attachment-full\" alt=\"\" title=\"IMG-20250724-WA0010\" srcset=\"https:\/\/indagra-food.ro\/wp-content\/uploads\/2025\/07\/IMG-20250724-WA0010-scaled.jpg 2560w, https:\/\/indagra-food.ro\/wp-content\/uploads\/2025\/07\/IMG-20250724-WA0010-300x225.jpg 300w, https:\/\/indagra-food.ro\/wp-content\/uploads\/2025\/07\/IMG-20250724-WA0010-1024x768.jpg 1024w, https:\/\/indagra-food.ro\/wp-content\/uploads\/2025\/07\/IMG-20250724-WA0010-768x576.jpg 768w, https:\/\/indagra-food.ro\/wp-content\/uploads\/2025\/07\/IMG-20250724-WA0010-1536x1152.jpg 1536w, https:\/\/indagra-food.ro\/wp-content\/uploads\/2025\/07\/IMG-20250724-WA0010-2048x1536.jpg 2048w\" sizes=\"auto, (max-width: 2560px) 100vw, 2560px\"  data-dt-location=\"https:\/\/indagra-food.ro\/en\/img-20250724-wa0010\/\" \/><\/div>\n\t\t<\/figure>\n\t<\/div>\n<\/div><\/div><\/div><\/div><div class=\"vc_row wpb_row vc_row-fluid vc_custom_1766038213913 vc_row-o-equal-height vc_row-o-content-middle vc_row-flex\"><div class=\"wpb_column vc_column_container vc_col-sm-6\"><div class=\"vc_column-inner\"><div class=\"wpb_wrapper\">\n\t<div  class=\"wpb_single_image wpb_content_element vc_align_left  vc_custom_1753678224080\">\n\t\t\n\t\t<figure class=\"wpb_wrapper vc_figure\">\n\t\t\t<div class=\"vc_single_image-wrapper   vc_box_border_grey\"><img loading=\"lazy\" decoding=\"async\" width=\"2560\" height=\"1920\" src=\"https:\/\/indagra-food.ro\/wp-content\/uploads\/2025\/07\/IMG-20250724-WA0007-scaled.jpg\" class=\"vc_single_image-img attachment-full\" alt=\"\" title=\"IMG-20250724-WA0007\" srcset=\"https:\/\/indagra-food.ro\/wp-content\/uploads\/2025\/07\/IMG-20250724-WA0007-scaled.jpg 2560w, https:\/\/indagra-food.ro\/wp-content\/uploads\/2025\/07\/IMG-20250724-WA0007-300x225.jpg 300w, https:\/\/indagra-food.ro\/wp-content\/uploads\/2025\/07\/IMG-20250724-WA0007-1024x768.jpg 1024w, https:\/\/indagra-food.ro\/wp-content\/uploads\/2025\/07\/IMG-20250724-WA0007-768x576.jpg 768w, https:\/\/indagra-food.ro\/wp-content\/uploads\/2025\/07\/IMG-20250724-WA0007-1536x1152.jpg 1536w, https:\/\/indagra-food.ro\/wp-content\/uploads\/2025\/07\/IMG-20250724-WA0007-2048x1536.jpg 2048w\" sizes=\"auto, (max-width: 2560px) 100vw, 2560px\"  data-dt-location=\"https:\/\/indagra-food.ro\/en\/img-20250724-wa0007\/\" \/><\/div>\n\t\t<\/figure>\n\t<\/div>\n<\/div><\/div><\/div><div class=\"wpb_column vc_column_container vc_col-sm-6\"><div class=\"vc_column-inner\"><div class=\"wpb_wrapper\"><div id=\"ultimate-heading-58606a007cf2ab3a1\" class=\"uvc-heading ult-adjust-bottom-margin ultimate-heading-58606a007cf2ab3a1 uvc-5350  uvc-heading-default-font-sizes\" data-hspacer=\"no_spacer\"  data-halign=\"left\" style=\"text-align:left\"><div class=\"uvc-heading-spacer no_spacer\" style=\"top\"><\/div><div class=\"uvc-sub-heading ult-responsive\"  data-ultimate-target='.uvc-heading.ultimate-heading-58606a007cf2ab3a1 .uvc-sub-heading '  data-responsive-json-new='{\"font-size\":\"\",\"line-height\":\"\"}'  style=\"font-weight:normal;\">28 octombrie \u2013 31 noiembrie 2026 ( miercuri \u2013 s\u00e2mb\u0103t\u0103) interval orar 9:00 \u2013 18:00<\/p>\n<p>1 noiembrie 2026 ( duminic\u0103 ), interval orar 9:00 \u2013 16:00<\/p>\n<p>Acces pietonal: Por\u021bile A \u0219i B<\/p>\n<p>Bilet intrare: 30 lei\/zi<\/p>\n<p>Acces auto: Parcarea B \u0219i C<\/p>\n<p>Tarif parcare: 10 lei\/ora<\/div><\/div><\/div><\/div><\/div><\/div>\n<\/div>","protected":false},"excerpt":{"rendered":"<p>E\u0219ti pasionat de inova\u021bie \u0219i \u00ee\u021bi dore\u0219ti s\u0103 la\u0219i o amprent\u0103 \u00een industria alimentar\u0103? Atunci acest eveniment este locul ideal pentru tine! Vino s\u0103 te bucuri de prezent\u0103ri dinamice, demonstra\u021bii tehnologice de ultim\u0103 or\u0103 \u0219i conversa\u021bii care definesc direc\u021bia viitorului \u00een alimenta\u021bie. Este mai mult dec\u00e2t un eveniment \u2013 este o experien\u021b\u0103 ce te va&hellip;<\/p>","protected":false},"author":1,"featured_media":0,"parent":0,"menu_order":0,"comment_status":"closed","ping_status":"closed","template":"","meta":{"_monsterinsights_skip_tracking":false,"_monsterinsights_sitenote_active":false,"_monsterinsights_sitenote_note":"","_monsterinsights_sitenote_category":0,"_uf_show_specific_survey":0,"_uf_disable_surveys":false,"footnotes":""},"class_list":["post-1475","page","type-page","status-publish","hentry","description-off"],"aioseo_notices":[],"jetpack_sharing_enabled":true,"_links":{"self":[{"href":"https:\/\/indagra-food.ro\/en\/wp-json\/wp\/v2\/pages\/1475","targetHints":{"allow":["GET"]}}],"collection":[{"href":"https:\/\/indagra-food.ro\/en\/wp-json\/wp\/v2\/pages"}],"about":[{"href":"https:\/\/indagra-food.ro\/en\/wp-json\/wp\/v2\/types\/page"}],"author":[{"embeddable":true,"href":"https:\/\/indagra-food.ro\/en\/wp-json\/wp\/v2\/users\/1"}],"replies":[{"embeddable":true,"href":"https:\/\/indagra-food.ro\/en\/wp-json\/wp\/v2\/comments?post=1475"}],"version-history":[{"count":10,"href":"https:\/\/indagra-food.ro\/en\/wp-json\/wp\/v2\/pages\/1475\/revisions"}],"predecessor-version":[{"id":1667,"href":"https:\/\/indagra-food.ro\/en\/wp-json\/wp\/v2\/pages\/1475\/revisions\/1667"}],"wp:attachment":[{"href":"https:\/\/indagra-food.ro\/en\/wp-json\/wp\/v2\/media?parent=1475"}],"curies":[{"name":"wp","href":"https:\/\/api.w.org\/{rel}","templated":true}]}}